{"id":294,"date":"2026-03-03T21:06:36","date_gmt":"2026-03-03T21:06:36","guid":{"rendered":"https:\/\/siclamx.com\/?page_id=294"},"modified":"2026-03-03T21:07:09","modified_gmt":"2026-03-03T21:07:09","slug":"po","status":"publish","type":"page","link":"https:\/\/siclamx.com\/index.php\/po\/","title":{"rendered":"Pol\u00edtica de privacidad"},"content":{"rendered":"\t\t<div data-elementor-type=\"wp-page\" data-elementor-id=\"294\" class=\"elementor elementor-294\" data-elementor-post-type=\"page\">\n\t\t\t\t<div class=\"elementor-element elementor-element-e583a25 e-flex e-con-boxed e-con e-parent\" data-id=\"e583a25\" data-element_type=\"container\" data-e-type=\"container\">\n\t\t\t\t\t<div class=\"e-con-inner\">\n\t\t\t\t<div class=\"elementor-element elementor-element-26fcc4f elementor-widget elementor-widget-heading\" data-id=\"26fcc4f\" data-element_type=\"widget\" data-e-type=\"widget\" data-widget_type=\"heading.default\">\n\t\t\t\t\t<h2 class=\"elementor-heading-title elementor-size-default\">Pol\u00edtica de privacidad<\/h2>\t\t\t\t<\/div>\n\t\t\t\t\t<\/div>\n\t\t\t\t<\/div>\n\t\t<div class=\"elementor-element elementor-element-a7edb3d e-flex e-con-boxed e-con e-parent\" data-id=\"a7edb3d\" data-element_type=\"container\" data-e-type=\"container\">\n\t\t\t\t\t<div class=\"e-con-inner\">\n\t\t\t\t<div class=\"elementor-element elementor-element-9006f3f elementor-widget elementor-widget-text-editor\" data-id=\"9006f3f\" data-element_type=\"widget\" data-e-type=\"widget\" data-widget_type=\"text-editor.default\">\n\t\t\t\t\t\t\t\t\t<p>El presente aviso de privacidad se establece en cumplimiento de lo dispuesto en la Ley Federal de Protecci\u00f3n de Datos Personales en Posesi\u00f3n de los Particulares.<\/p>\n<p>SICLAMX, con domicilio en Santiago de Quer\u00e9taro, M\u00e9xico, es responsable de recabar sus datos personales, del uso que se le d\u00e9 a los mismos y de su protecci\u00f3n. Su informaci\u00f3n personal ser\u00e1 utilizada para proveer los servicios y productos que ha solicitado, informarle sobre cambios en los mismos y evaluar la calidad del servicio que le brindamos.<\/p>\n<p>Para las finalidades se\u00f1aladas en el presente aviso de privacidad, podemos recabar sus datos personales de distintas formas: cuando usted nos los proporciona directamente; cuando visita nuestro sitio de Internet o utiliza nuestros servicios en l\u00ednea, y cuando obtenemos informaci\u00f3n a trav\u00e9s de otras fuentes que est\u00e1n permitidas por la ley. Recabamos sus datos personales de forma directa cuando usted mismo nos los proporciona por diversos medios, como cuando nos contacta o nos da informaci\u00f3n con objeto de que le prestemos un servicio. Los datos que obtenemos por este medio pueden ser, entre otros: Su nombre, tel\u00e9fono, correo electr\u00f3nico (email), pa\u00eds y ciudad, p\u00e1ginas visitadas dentro de nuestro sitio, informaci\u00f3n para mejorar su experiencia en nuestro sitio como resoluci\u00f3n de pantalla, explorador y tipo de sistema operativo utilizado. Usted tiene derecho de acceder, rectificar y cancelar sus datos personales, as\u00ed como de oponerse al tratamiento de los mismos o revocar el consentimiento que para tal fin nos haya otorgado, a trav\u00e9s de los procedimientos que hemos implementado.<\/p>\n<p>Aviso de Privacidad Detallado<\/p>\n<p>En este Aviso de Privacidad se explica nuestra pol\u00edtica respecto de la recolecci\u00f3n, uso, divulgaci\u00f3n y transmisi\u00f3n de los datos de usuarios por parte de . La presente pol\u00edtica se podr\u00e1 modificar a medida que actualizamos y ampliamos nuestros servicios. Por lo tanto, se recomienda consultarla peri\u00f3dicamente. Si accede a nuestro sitio web o de otro modo utiliza nuestro servicio, significa que presta su consentimiento a nuestras pr\u00e1cticas sobre informaci\u00f3n.<\/p>\n<p>Importante: el presente Aviso de privacidad incluye hiperv\u00ednculos a los que se puede acceder \u00fanicamente a trav\u00e9s de nuestro sitio web, de modo que tendr\u00e1 que visitar el sitio web para consultar los t\u00e9rminos adicionales a los que se accede a trav\u00e9s de los hiperv\u00ednculos. La presente pol\u00edtica se podr\u00e1 modificar a medida que actualizamos y ampliamos nuestros servicios. Consulte regularmente si existe alguna actualizaci\u00f3n a esta pol\u00edtica.<\/p>\n<p>Aviso de privacidad<\/p>\n<p>Usted acuerda que su aceptaci\u00f3n de los T\u00e9rminos de Uso y el Aviso de privacidad posterior a su consentimiento original, as\u00ed como el uso del sitio web de&nbsp;<span style=\"font-size: 1rem;\">SICLAMX<\/span><span style=\"font-size: 1rem;\">&nbsp;o el uso continuo de nuestro servicio despu\u00e9s de publicar un cambio a esta pol\u00edtica implica que acepta dichos cambios y se obliga a respetarlos. Podr\u00e1 acceder a la \u00faltima versi\u00f3n de esta Aviso de privacidad visitando nuestro sitio web y haciendo clic en \u201cAviso de privacidad\u201d al pie de las p\u00e1ginas del sitio web de&nbsp;<\/span>SICLAMX<span style=\"font-size: 1rem;\">. Para garantizar el correcto resguardo de sus datos personales y para dar pleno cumplimiento a las obligaciones que la LFPDPPP establece en la materia, se le informa que&nbsp;<\/span>SICLAMX<span style=\"font-size: 1rem;\">&nbsp;tiene implementadas las medidas de seguridad administrativas, t\u00e9cnicas y f\u00edsicas necesarias y suficientes para evitar su da\u00f1o, p\u00e9rdida, alteraci\u00f3n, destrucci\u00f3n, uso, acceso o divulgaci\u00f3n indebida.<\/span><\/p>\n<p>En ning\u00fan caso SICLAMX&nbsp;transferir\u00e1 los datos personales de sus clientes a un tercero, sin el consentimiento previo de los titulares.<\/p>\n<p>PROCEDIMIENTO PARA HACER VALER LOS DERECHOS ARCO. \u2013<\/p>\n<p>Usted tiene derecho de acceder a sus datos personales que poseemos y a los detalles del tratamiento de los mismos, as\u00ed como a rectificarlos en caso de ser inexactos o incompletos; cancelarlos cuando considere que no se requieren para alguna de las finalidades se\u00f1alados en el presente aviso de privacidad, est\u00e9n siendo utilizados para finalidades no consentidas o haya finalizado la relaci\u00f3n contractual o de servicio, o bien, oponerse al tratamiento de los mismos para fines espec\u00edficos.<\/p>\n<p>Los mecanismos que se han implementado para el ejercicio de dichos derechos, los cuales se conocen como derechos Arco mismos que se refieren a la rectificaci\u00f3n, cancelaci\u00f3n y oposici\u00f3n del Titular respecto al tratamiento de sus datos personales;<\/p>\n<p>1) El procedimiento inicia con la presentaci\u00f3n de la solicitud respectiva a los derechos Arco, en el domicilio de nuestra Oficina de Privacidad, mismo que fue debidamente se\u00f1alado al principio del presente aviso de privacidad.<\/p>\n<p>2) Su solicitud deber\u00e1 contener la siguiente informaci\u00f3n:<\/p>\n<p>Nombre del titular de los datos personales. Domicilio o cualquier otro medio de contacto. Documentos que acrediten su personalidad e identidad. La descripci\u00f3n clara y precisa de los datos personales.<\/p>\n<p>Cualquier otro documento que facilite la localizaci\u00f3n de los datos.<\/p>\n<p>3) El plazo para atender su solicitud es de: 15 d\u00edas h\u00e1biles. La \u00faltima versi\u00f3n del presente Aviso de privacidad prevalecer\u00e1 sobre todas las versiones anteriores.<\/p>\t\t\t\t\t\t\t\t<\/div>\n\t\t\t\t\t<\/div>\n\t\t\t\t<\/div>\n\t\t\t\t<\/div>\n\t\t","protected":false},"excerpt":{"rendered":"<p>Pol\u00edtica de privacidad El presente aviso de privacidad se establece en cumplimiento de lo dispuesto en la Ley Federal de Protecci\u00f3n de Datos Personales en Posesi\u00f3n de los Particulares. SICLAMX, con domicilio en Santiago de Quer\u00e9taro, M\u00e9xico, es responsable de recabar sus datos personales, del uso que se le d\u00e9 a los mismos y de [&hellip;]<\/p>\n","protected":false},"author":1,"featured_media":0,"parent":0,"menu_order":0,"comment_status":"closed","ping_status":"closed","template":"elementor_header_footer","meta":{"footnotes":""},"class_list":["post-294","page","type-page","status-publish","hentry"],"_links":{"self":[{"href":"https:\/\/siclamx.com\/index.php\/wp-json\/wp\/v2\/pages\/294","targetHints":{"allow":["GET"]}}],"collection":[{"href":"https:\/\/siclamx.com\/index.php\/wp-json\/wp\/v2\/pages"}],"about":[{"href":"https:\/\/siclamx.com\/index.php\/wp-json\/wp\/v2\/types\/page"}],"author":[{"embeddable":true,"href":"https:\/\/siclamx.com\/index.php\/wp-json\/wp\/v2\/users\/1"}],"replies":[{"embeddable":true,"href":"https:\/\/siclamx.com\/index.php\/wp-json\/wp\/v2\/comments?post=294"}],"version-history":[{"count":4,"href":"https:\/\/siclamx.com\/index.php\/wp-json\/wp\/v2\/pages\/294\/revisions"}],"predecessor-version":[{"id":298,"href":"https:\/\/siclamx.com\/index.php\/wp-json\/wp\/v2\/pages\/294\/revisions\/298"}],"wp:attachment":[{"href":"https:\/\/siclamx.com\/index.php\/wp-json\/wp\/v2\/media?parent=294"}],"curies":[{"name":"wp","href":"https:\/\/api.w.org\/{rel}","templated":true}]}}